{"id":3,"date":"2020-11-15T19:26:12","date_gmt":"2020-11-15T19:26:12","guid":{"rendered":"https:\/\/rso4.webd.pl\/frigoklasa\/?page_id=3"},"modified":"2023-03-30T07:18:41","modified_gmt":"2023-03-30T07:18:41","slug":"privacy-policy","status":"publish","type":"page","link":"https:\/\/rso4.webd.pl\/frigoklasa\/privacy-policy\/","title":{"rendered":"RODO"},"content":{"rendered":"<p><strong>Zgodnie z art. 13 ust. 1 i ust. 2 og\u00f3lnego rozporz\u0105dzenia o ochronie danych osobowych z dnia 27 kwietnia 2016 r. (dalej RODO) informujemy, i\u017c:<\/strong><\/p>\n<p>1. Administratorem Pani\/Pana danych osobowych jest Grupa Producent\u00f3w Klasa Sp. z o.o. z siedzib\u0105 w Klementowicach 136, 24-170 Kur\u00f3w wpisana do Rejestru Przedsi\u0119biorc\u00f3w Krajowego Rejestru S\u0105dowego prowadzonego przez S\u0105d Rejonowy Lublin-Wsch\u00f3d w Lublinie z siedzib\u0105 w \u015awidniku VI Wydzia\u0142 Gospodarczy pod nr KRS: 0000306056,, posiadaj\u0105c\u0105 nr NIP: 716-27-43-048, nr REGON: 060339795.<br \/>\n2. Wszelkie szczeg\u00f3\u0142owe informacje dotycz\u0105ce ochrony danych osobowych w firmie Grupa Producent\u00f3w Klasa Sp. z o.o. dost\u0119pne s\u0105 po uprzednim zapytaniu skierowanym na adres mailowy:\u00a0iod@gpklasa.pl.<br \/>\n3. Pani\/Pana dane osobowe przetwarzane b\u0119d\u0105 w celach przesy\u0142ania informacji o charakterze reklamowym i handlowym na podstawie art. 6 ust. 1 lit. a RODO.<br \/>\n4. Odbiorc\u0105 Pani\/Pana danych osobowych b\u0119d\u0105 wsp\u00f3lnicy i pracownicy Administratora w zakresie swoich obowi\u0105zk\u00f3w s\u0142u\u017cbowych na podstawie upowa\u017cnienia.<br \/>\n5. Pani\/Pana dane osobowe nie b\u0119d\u0105 przekazywane do pa\u0144stwa trzeciego\/organizacji.<br \/>\n6. Pani\/Pana dane osobowe b\u0119d\u0105 przechowywane do czasu cofni\u0119cia przez Pani\/Pana zgody.<br \/>\n7. Posiada Pani\/Pan prawo dost\u0119pu do tre\u015bci swoich danych oraz prawo ich sprostowania, usuni\u0119cia, ograniczenia przetwarzania, prawo do przenoszenia danych, prawo wniesienia sprzeciwu, prawo do przenoszenia danych.<br \/>\n8. Posiada Pan\/Pani prawo do cofni\u0119cia zgody w dowolnym momencie bez wp\u0142ywu na zgodno\u015b\u0107 z prawem przetwarzania, kt\u00f3rego dokonano na podstawie zgody przed jej cofni\u0119ciem.<br \/>\n9. Posiada Pan\/Pani prawo wniesienia skargi do organu nadzorczego- Urz\u0119du Ochrony Danych Osobowych, gdy uzna Pani\/Pan, i\u017c przetwarzanie danych osobowych Pani\/Pana dotycz\u0105cych narusza przepisy og\u00f3lnego rozporz\u0105dzenia o ochronie danych osobowych z dnia 27 kwietnia 2016 r.;<br \/>\n10. Podanie przez Pana\/Pani\u0105 danych osobowych jest dobrowolne.<br \/>\n11. Pani\/Pana dane nie b\u0119d\u0105 przetwarzane w spos\u00f3b zautomatyzowany w tym r\u00f3wnie\u017c w formie profilowania tzn \u017cadne decyzje wywo\u0142uj\u0105ce wobec osoby skutki prawne lub w podobny spos\u00f3b na ni\u0105 istotnie wp\u0142ywaj\u0105ce nie b\u0119d\u0105 oparte wy\u0142\u0105cznie na automatycznym przetwarzaniu danych osobowych i nie wi\u0105\u017c\u0105 si\u0119 z tak\u0105 automatycznie podejmowan\u0105 decyzj\u0105.<\/p>\n<p>&nbsp;<\/p>\n","protected":false},"excerpt":{"rendered":"<p>Zgodnie z art. 13 ust. 1 i ust. 2 og\u00f3lnego rozporz\u0105dzenia o ochronie danych osobowych z dnia 27 kwietnia 2016 r. (dalej RODO) informujemy, i\u017c: 1. Administratorem Pani\/Pana danych osobowych<\/p>\n","protected":false},"author":1,"featured_media":0,"parent":0,"menu_order":0,"comment_status":"closed","ping_status":"closed","template":"","meta":[],"acf":[],"_links":{"self":[{"href":"https:\/\/rso4.webd.pl\/frigoklasa\/wp-json\/wp\/v2\/pages\/3"}],"collection":[{"href":"https:\/\/rso4.webd.pl\/frigoklasa\/wp-json\/wp\/v2\/pages"}],"about":[{"href":"https:\/\/rso4.webd.pl\/frigoklasa\/wp-json\/wp\/v2\/types\/page"}],"author":[{"embeddable":true,"href":"https:\/\/rso4.webd.pl\/frigoklasa\/wp-json\/wp\/v2\/users\/1"}],"replies":[{"embeddable":true,"href":"https:\/\/rso4.webd.pl\/frigoklasa\/wp-json\/wp\/v2\/comments?post=3"}],"version-history":[{"count":7,"href":"https:\/\/rso4.webd.pl\/frigoklasa\/wp-json\/wp\/v2\/pages\/3\/revisions"}],"predecessor-version":[{"id":585,"href":"https:\/\/rso4.webd.pl\/frigoklasa\/wp-json\/wp\/v2\/pages\/3\/revisions\/585"}],"wp:attachment":[{"href":"https:\/\/rso4.webd.pl\/frigoklasa\/wp-json\/wp\/v2\/media?parent=3"}],"curies":[{"name":"wp","href":"https:\/\/api.w.org\/{rel}","templated":true}]}}